{"id":144,"date":"2025-04-16T19:27:53","date_gmt":"2025-04-16T17:27:53","guid":{"rendered":"http:\/\/bluelioncrossfit.fr\/index.php\/the-academy\/"},"modified":"2025-07-31T08:39:57","modified_gmt":"2025-07-31T06:39:57","slug":"planning","status":"publish","type":"page","link":"http:\/\/bluelioncrossfit.fr\/index.php\/planning\/","title":{"rendered":"Planning"},"content":{"rendered":"\t\t<div data-elementor-type=\"wp-page\" data-elementor-id=\"144\" class=\"elementor elementor-144\" data-elementor-post-type=\"page\">\n\t\t\t\t<div class=\"elementor-element elementor-element-8c9887e e-flex e-con-boxed e-con e-parent\" data-id=\"8c9887e\" data-element_type=\"container\">\n\t\t\t\t\t<div class=\"e-con-inner\">\n\t\t\t\t<div class=\"elementor-element elementor-element-19ab993 elementor-widget elementor-widget-spacer\" data-id=\"19ab993\" data-element_type=\"widget\" data-widget_type=\"spacer.default\">\n\t\t\t\t<div class=\"elementor-widget-container\">\n\t\t\t\t\t\t\t<div class=\"elementor-spacer\">\n\t\t\t<div class=\"elementor-spacer-inner\"><\/div>\n\t\t<\/div>\n\t\t\t\t\t\t<\/div>\n\t\t\t\t<\/div>\n\t\t\t\t\t<\/div>\n\t\t\t\t<\/div>\n\t\t<div class=\"elementor-element elementor-element-f1e2c29 e-flex e-con-boxed e-con e-parent\" data-id=\"f1e2c29\" data-element_type=\"container\">\n\t\t\t\t\t<div class=\"e-con-inner\">\n\t\t\t\t<div class=\"elementor-element elementor-element-87cbc41 elementor-widget elementor-widget-heading\" data-id=\"87cbc41\" data-element_type=\"widget\" data-widget_type=\"heading.default\">\n\t\t\t\t<div class=\"elementor-widget-container\">\n\t\t\t\t\t<h2 class=\"elementor-heading-title elementor-size-default\">Planning 2025\/2026<\/h2>\t\t\t\t<\/div>\n\t\t\t\t<\/div>\n\t\t\t\t\t<\/div>\n\t\t\t\t<\/div>\n\t\t<div class=\"elementor-element elementor-element-15e7755 e-flex e-con-boxed e-con e-parent\" data-id=\"15e7755\" data-element_type=\"container\">\n\t\t\t\t\t<div class=\"e-con-inner\">\n\t\t\t\t<div class=\"elementor-element elementor-element-4ee16fe elementor-widget elementor-widget-spacer\" data-id=\"4ee16fe\" data-element_type=\"widget\" data-widget_type=\"spacer.default\">\n\t\t\t\t<div class=\"elementor-widget-container\">\n\t\t\t\t\t\t\t<div class=\"elementor-spacer\">\n\t\t\t<div class=\"elementor-spacer-inner\"><\/div>\n\t\t<\/div>\n\t\t\t\t\t\t<\/div>\n\t\t\t\t<\/div>\n\t\t\t\t\t<\/div>\n\t\t\t\t<\/div>\n\t\t<div class=\"elementor-element elementor-element-f90227c e-flex e-con-boxed e-con e-parent\" data-id=\"f90227c\" data-element_type=\"container\" data-settings=\"{&quot;background_background&quot;:&quot;classic&quot;}\">\n\t\t\t\t\t<div class=\"e-con-inner\">\n\t\t\t\t\t<\/div>\n\t\t\t\t<\/div>\n\t\t\t\t<\/div>\n\t\t","protected":false},"excerpt":{"rendered":"<p>Planning 2025\/2026<\/p>\n","protected":false},"author":1,"featured_media":0,"parent":0,"menu_order":0,"comment_status":"closed","ping_status":"closed","template":"elementor_header_footer","meta":{"om_disable_all_campaigns":false,"_monsterinsights_skip_tracking":false,"_monsterinsights_sitenote_active":false,"_monsterinsights_sitenote_note":"","_monsterinsights_sitenote_category":0,"footnotes":""},"class_list":["post-144","page","type-page","status-publish","hentry"],"aioseo_notices":[],"yoast_head":"<!-- This site is optimized with the Yoast SEO plugin v26.2 - https:\/\/yoast.com\/wordpress\/plugins\/seo\/ -->\n<title>Planning - Blue Lion<\/title>\n<meta name=\"description\" content=\"Blue Lion - Premi\u00e8re salle de CrossFit et d&#039;Hyrox \u00e0 Compi\u00e8gne.\" \/>\n<meta name=\"robots\" content=\"index, follow, max-snippet:-1, max-image-preview:large, max-video-preview:-1\" \/>\n<link rel=\"canonical\" href=\"http:\/\/bluelioncrossfit.fr\/index.php\/planning\/\" \/>\n<meta property=\"og:locale\" content=\"fr_FR\" \/>\n<meta property=\"og:type\" content=\"article\" \/>\n<meta property=\"og:title\" content=\"Planning - Blue Lion\" \/>\n<meta property=\"og:description\" content=\"Blue Lion - Premi\u00e8re salle de CrossFit et d&#039;Hyrox \u00e0 Compi\u00e8gne.\" \/>\n<meta property=\"og:url\" content=\"http:\/\/bluelioncrossfit.fr\/index.php\/planning\/\" \/>\n<meta property=\"og:site_name\" content=\"Blue Lion\" \/>\n<meta property=\"article:modified_time\" content=\"2025-07-31T06:39:57+00:00\" \/>\n<meta name=\"twitter:card\" content=\"summary_large_image\" \/>\n<script type=\"application\/ld+json\" class=\"yoast-schema-graph\">{\"@context\":\"https:\/\/schema.org\",\"@graph\":[{\"@type\":\"WebPage\",\"@id\":\"http:\/\/bluelioncrossfit.fr\/index.php\/planning\/\",\"url\":\"http:\/\/bluelioncrossfit.fr\/index.php\/planning\/\",\"name\":\"Planning - Blue Lion\",\"isPartOf\":{\"@id\":\"http:\/\/bluelioncrossfit.fr\/#website\"},\"datePublished\":\"2025-04-16T17:27:53+00:00\",\"dateModified\":\"2025-07-31T06:39:57+00:00\",\"description\":\"Blue Lion - Premi\u00e8re salle de CrossFit et d'Hyrox \u00e0 Compi\u00e8gne.\",\"breadcrumb\":{\"@id\":\"http:\/\/bluelioncrossfit.fr\/index.php\/planning\/#breadcrumb\"},\"inLanguage\":\"fr-FR\",\"potentialAction\":[{\"@type\":\"ReadAction\",\"target\":[\"http:\/\/bluelioncrossfit.fr\/index.php\/planning\/\"]}]},{\"@type\":\"BreadcrumbList\",\"@id\":\"http:\/\/bluelioncrossfit.fr\/index.php\/planning\/#breadcrumb\",\"itemListElement\":[{\"@type\":\"ListItem\",\"position\":1,\"name\":\"Accueil\",\"item\":\"http:\/\/bluelioncrossfit.fr\/\"},{\"@type\":\"ListItem\",\"position\":2,\"name\":\"Planning\"}]},{\"@type\":\"WebSite\",\"@id\":\"http:\/\/bluelioncrossfit.fr\/#website\",\"url\":\"http:\/\/bluelioncrossfit.fr\/\",\"name\":\"Blue Lion\",\"description\":\"CrossFit I HYROX Training Club\",\"publisher\":{\"@id\":\"http:\/\/bluelioncrossfit.fr\/#organization\"},\"potentialAction\":[{\"@type\":\"SearchAction\",\"target\":{\"@type\":\"EntryPoint\",\"urlTemplate\":\"http:\/\/bluelioncrossfit.fr\/?s={search_term_string}\"},\"query-input\":{\"@type\":\"PropertyValueSpecification\",\"valueRequired\":true,\"valueName\":\"search_term_string\"}}],\"inLanguage\":\"fr-FR\"},{\"@type\":\"Organization\",\"@id\":\"http:\/\/bluelioncrossfit.fr\/#organization\",\"name\":\"Blue Lion\",\"url\":\"http:\/\/bluelioncrossfit.fr\/\",\"logo\":{\"@type\":\"ImageObject\",\"inLanguage\":\"fr-FR\",\"@id\":\"http:\/\/bluelioncrossfit.fr\/#\/schema\/logo\/image\/\",\"url\":\"http:\/\/bluelioncrossfit.fr\/wp-content\/uploads\/2025\/04\/orignalnoirbleu-1-scaled.png\",\"contentUrl\":\"http:\/\/bluelioncrossfit.fr\/wp-content\/uploads\/2025\/04\/orignalnoirbleu-1-scaled.png\",\"width\":2348,\"height\":2560,\"caption\":\"Blue Lion\"},\"image\":{\"@id\":\"http:\/\/bluelioncrossfit.fr\/#\/schema\/logo\/image\/\"}}]}<\/script>\n<!-- \/ Yoast SEO plugin. -->","yoast_head_json":{"title":"Planning - Blue Lion","description":"Blue Lion - Premi\u00e8re salle de CrossFit et d'Hyrox \u00e0 Compi\u00e8gne.","robots":{"index":"index","follow":"follow","max-snippet":"max-snippet:-1","max-image-preview":"max-image-preview:large","max-video-preview":"max-video-preview:-1"},"canonical":"http:\/\/bluelioncrossfit.fr\/index.php\/planning\/","og_locale":"fr_FR","og_type":"article","og_title":"Planning - Blue Lion","og_description":"Blue Lion - Premi\u00e8re salle de CrossFit et d'Hyrox \u00e0 Compi\u00e8gne.","og_url":"http:\/\/bluelioncrossfit.fr\/index.php\/planning\/","og_site_name":"Blue Lion","article_modified_time":"2025-07-31T06:39:57+00:00","twitter_card":"summary_large_image","schema":{"@context":"https:\/\/schema.org","@graph":[{"@type":"WebPage","@id":"http:\/\/bluelioncrossfit.fr\/index.php\/planning\/","url":"http:\/\/bluelioncrossfit.fr\/index.php\/planning\/","name":"Planning - Blue Lion","isPartOf":{"@id":"http:\/\/bluelioncrossfit.fr\/#website"},"datePublished":"2025-04-16T17:27:53+00:00","dateModified":"2025-07-31T06:39:57+00:00","description":"Blue Lion - Premi\u00e8re salle de CrossFit et d'Hyrox \u00e0 Compi\u00e8gne.","breadcrumb":{"@id":"http:\/\/bluelioncrossfit.fr\/index.php\/planning\/#breadcrumb"},"inLanguage":"fr-FR","potentialAction":[{"@type":"ReadAction","target":["http:\/\/bluelioncrossfit.fr\/index.php\/planning\/"]}]},{"@type":"BreadcrumbList","@id":"http:\/\/bluelioncrossfit.fr\/index.php\/planning\/#breadcrumb","itemListElement":[{"@type":"ListItem","position":1,"name":"Accueil","item":"http:\/\/bluelioncrossfit.fr\/"},{"@type":"ListItem","position":2,"name":"Planning"}]},{"@type":"WebSite","@id":"http:\/\/bluelioncrossfit.fr\/#website","url":"http:\/\/bluelioncrossfit.fr\/","name":"Blue Lion","description":"CrossFit I HYROX Training Club","publisher":{"@id":"http:\/\/bluelioncrossfit.fr\/#organization"},"potentialAction":[{"@type":"SearchAction","target":{"@type":"EntryPoint","urlTemplate":"http:\/\/bluelioncrossfit.fr\/?s={search_term_string}"},"query-input":{"@type":"PropertyValueSpecification","valueRequired":true,"valueName":"search_term_string"}}],"inLanguage":"fr-FR"},{"@type":"Organization","@id":"http:\/\/bluelioncrossfit.fr\/#organization","name":"Blue Lion","url":"http:\/\/bluelioncrossfit.fr\/","logo":{"@type":"ImageObject","inLanguage":"fr-FR","@id":"http:\/\/bluelioncrossfit.fr\/#\/schema\/logo\/image\/","url":"http:\/\/bluelioncrossfit.fr\/wp-content\/uploads\/2025\/04\/orignalnoirbleu-1-scaled.png","contentUrl":"http:\/\/bluelioncrossfit.fr\/wp-content\/uploads\/2025\/04\/orignalnoirbleu-1-scaled.png","width":2348,"height":2560,"caption":"Blue Lion"},"image":{"@id":"http:\/\/bluelioncrossfit.fr\/#\/schema\/logo\/image\/"}}]}},"_links":{"self":[{"href":"http:\/\/bluelioncrossfit.fr\/index.php\/wp-json\/wp\/v2\/pages\/144","targetHints":{"allow":["GET"]}}],"collection":[{"href":"http:\/\/bluelioncrossfit.fr\/index.php\/wp-json\/wp\/v2\/pages"}],"about":[{"href":"http:\/\/bluelioncrossfit.fr\/index.php\/wp-json\/wp\/v2\/types\/page"}],"author":[{"embeddable":true,"href":"http:\/\/bluelioncrossfit.fr\/index.php\/wp-json\/wp\/v2\/users\/1"}],"replies":[{"embeddable":true,"href":"http:\/\/bluelioncrossfit.fr\/index.php\/wp-json\/wp\/v2\/comments?post=144"}],"version-history":[{"count":54,"href":"http:\/\/bluelioncrossfit.fr\/index.php\/wp-json\/wp\/v2\/pages\/144\/revisions"}],"predecessor-version":[{"id":3619,"href":"http:\/\/bluelioncrossfit.fr\/index.php\/wp-json\/wp\/v2\/pages\/144\/revisions\/3619"}],"wp:attachment":[{"href":"http:\/\/bluelioncrossfit.fr\/index.php\/wp-json\/wp\/v2\/media?parent=144"}],"curies":[{"name":"wp","href":"https:\/\/api.w.org\/{rel}","templated":true}]}}