{"id":2120,"date":"2025-06-21T18:04:27","date_gmt":"2025-06-21T16:04:27","guid":{"rendered":"http:\/\/bluelioncrossfit.fr\/?page_id=2120"},"modified":"2025-06-21T18:18:59","modified_gmt":"2025-06-21T16:18:59","slug":"politique-de-confidentialite","status":"publish","type":"page","link":"http:\/\/bluelioncrossfit.fr\/index.php\/politique-de-confidentialite\/","title":{"rendered":"Politique de confidentialit\u00e9"},"content":{"rendered":"\t\t<div data-elementor-type=\"wp-post\" data-elementor-id=\"2120\" class=\"elementor elementor-2120\" data-elementor-post-type=\"page\">\n\t\t\t\t<div class=\"elementor-element elementor-element-188d270 e-flex e-con-boxed e-con e-parent\" data-id=\"188d270\" data-element_type=\"container\">\n\t\t\t\t\t<div class=\"e-con-inner\">\n\t\t\t\t<div class=\"elementor-element elementor-element-40aa1c9 elementor-widget elementor-widget-spacer\" data-id=\"40aa1c9\" data-element_type=\"widget\" data-widget_type=\"spacer.default\">\n\t\t\t\t<div class=\"elementor-widget-container\">\n\t\t\t\t\t\t\t<div class=\"elementor-spacer\">\n\t\t\t<div class=\"elementor-spacer-inner\"><\/div>\n\t\t<\/div>\n\t\t\t\t\t\t<\/div>\n\t\t\t\t<\/div>\n\t\t\t\t<div class=\"elementor-element elementor-element-8bdf3ef elementor-widget elementor-widget-heading\" data-id=\"8bdf3ef\" data-element_type=\"widget\" data-widget_type=\"heading.default\">\n\t\t\t\t<div class=\"elementor-widget-container\">\n\t\t\t\t\t<h2 class=\"elementor-heading-title elementor-size-default\">Politique de confidentialit\u00e9<\/h2>\t\t\t\t<\/div>\n\t\t\t\t<\/div>\n\t\t\t\t\t<\/div>\n\t\t\t\t<\/div>\n\t\t<div class=\"elementor-element elementor-element-ea21572 e-flex e-con-boxed e-con e-parent\" data-id=\"ea21572\" data-element_type=\"container\">\n\t\t\t\t\t<div class=\"e-con-inner\">\n\t\t\t\t<div class=\"elementor-element elementor-element-69300bd elementor-widget elementor-widget-spacer\" data-id=\"69300bd\" data-element_type=\"widget\" data-widget_type=\"spacer.default\">\n\t\t\t\t<div class=\"elementor-widget-container\">\n\t\t\t\t\t\t\t<div class=\"elementor-spacer\">\n\t\t\t<div class=\"elementor-spacer-inner\"><\/div>\n\t\t<\/div>\n\t\t\t\t\t\t<\/div>\n\t\t\t\t<\/div>\n\t\t\t\t\t<\/div>\n\t\t\t\t<\/div>\n\t\t<div class=\"elementor-element elementor-element-5bec82d e-flex e-con-boxed e-con e-parent\" data-id=\"5bec82d\" data-element_type=\"container\">\n\t\t\t\t\t<div class=\"e-con-inner\">\n\t\t\t\t<div class=\"elementor-element elementor-element-03846ac elementor-widget elementor-widget-text-editor\" data-id=\"03846ac\" data-element_type=\"widget\" data-widget_type=\"text-editor.default\">\n\t\t\t\t<div class=\"elementor-widget-container\">\n\t\t\t\t\t\t\t\t\t<p><strong>1. Qui sommes-nous ?<\/strong><\/p><p>Le site internet [<a href=\"http:\/\/www.bluelioncrossfit.com\/\" target=\"_blank\" rel=\"noopener\" data-saferedirecturl=\"https:\/\/www.google.com\/url?q=http:\/\/www.bluelioncrossfit.com&amp;source=gmail&amp;ust=1750608154588000&amp;usg=AOvVaw38BybdVhvV6sNZBwfT2BkY\">www.bluelioncrossfit.com<\/a>] est exploit\u00e9 par Blue Lion CrossFit, dont le si\u00e8ge est situ\u00e9 \u00e0 <a tabindex=\"0\" href=\"https:\/\/www.google.com\/maps\/place\/\/data=!4m2!3m1!1s0x47e7d3f990a9ffff:0xc6d1d62735d936ff?sa=X&amp;ved=1t:8290&amp;ictx=111\" data-url=\"\/maps\/place\/\/data=!4m2!3m1!1s0x47e7d3f990a9ffff:0xc6d1d62735d936ff?sa=X&amp;ved=2ahUKEwjY9cCD9YKOAxWWcaQEHcBSCCgQ4kB6BAgFEAA\" data-sb=\"\/url?sa=t&amp;source=web&amp;rct=j&amp;opi=89978449&amp;url=\/maps\/place\/\/data%3D!4m2!3m1!1s0x47e7d3f990a9ffff:0xc6d1d62735d936ff%3Fsa%3DX%26ved%3D1t:8290%26ictx%3D111&amp;ved=2ahUKEwjY9cCD9YKOAxWWcaQEHcBSCCgQ4kB6BAgwEAM&amp;usg=AOvVaw1W39fAocrQockeIbVip0B9\">269 Av. Jean Moulin, 60880 Jaux<\/a>, immatricul\u00e9e sous le num\u00e9ro SIRET 83241739800019.<\/p><div id=\"m_1651836924668894755AppleMailSignature\" dir=\"ltr\">Responsable du traitement : Blue Lion CrossFit<\/div><div id=\"m_1651836924668894755AppleMailSignature\" dir=\"ltr\">Email de contact : bluelioncrossfit@gmail.com<\/div><div dir=\"ltr\">\u00a0<\/div><div dir=\"ltr\"><div id=\"m_1651836924668894755AppleMailSignature\" dir=\"ltr\"><strong>2. Donn\u00e9es personnelles collect\u00e9es<\/strong><\/div><div dir=\"ltr\">\u00a0<\/div><div id=\"m_1651836924668894755AppleMailSignature\" dir=\"ltr\">Dans le cadre de l\u2019utilisation du site, nous collectons les donn\u00e9es suivantes :<\/div><div id=\"m_1651836924668894755AppleMailSignature\" dir=\"ltr\">\u00a0<\/div><div id=\"m_1651836924668894755AppleMailSignature\" dir=\"ltr\">&#8211; Pr\u00e9nom et nom<\/div><div id=\"m_1651836924668894755AppleMailSignature\" dir=\"ltr\">&#8211; Adresse e-mail<\/div><div id=\"m_1651836924668894755AppleMailSignature\" dir=\"ltr\">&#8211; Num\u00e9ro de t\u00e9l\u00e9phone<\/div><div id=\"m_1651836924668894755AppleMailSignature\" dir=\"ltr\">Toute autre information que vous choisissez de nous transmettre via les formulaires (ex : message libre)<\/div><div dir=\"ltr\">\u00a0<\/div><div id=\"m_1651836924668894755AppleMailSignature\" dir=\"ltr\"><strong>3. Finalit\u00e9s de la collecte<\/strong><\/div><div dir=\"ltr\">\u00a0<\/div><div id=\"m_1651836924668894755AppleMailSignature\" dir=\"ltr\">Vos donn\u00e9es sont collect\u00e9es pour les finalit\u00e9s suivantes :<\/div><div id=\"m_1651836924668894755AppleMailSignature\" dir=\"ltr\">\u00a0<\/div><div id=\"m_1651836924668894755AppleMailSignature\" dir=\"ltr\">Inscription et envoi de notre newsletter (emails d\u2019informations, actualit\u00e9s, offres sp\u00e9ciales)<\/div><div id=\"m_1651836924668894755AppleMailSignature\" dir=\"ltr\">R\u00e9ponse \u00e0 vos demandes via le formulaire de contact<\/div><div id=\"m_1651836924668894755AppleMailSignature\" dir=\"ltr\">Gestion des rendez-vous, inscriptions ou demandes li\u00e9es \u00e0 nos services<\/div><div id=\"m_1651836924668894755AppleMailSignature\" dir=\"ltr\">Am\u00e9lioration de notre communication et de l\u2019exp\u00e9rience utilisateur<\/div><div dir=\"ltr\">\u00a0<\/div><div id=\"m_1651836924668894755AppleMailSignature\" dir=\"ltr\"><strong>4. Base l\u00e9gale du traitement<\/strong><\/div><div dir=\"ltr\">\u00a0<\/div><div id=\"m_1651836924668894755AppleMailSignature\" dir=\"ltr\"><span style=\"text-decoration: underline;\">Les traitements sont fond\u00e9s sur :<\/span><\/div><div id=\"m_1651836924668894755AppleMailSignature\" dir=\"ltr\">\u00a0<\/div><div id=\"m_1651836924668894755AppleMailSignature\" dir=\"ltr\">&#8211; Votre consentement pour l\u2019abonnement \u00e0 la newsletter et l\u2019envoi de communications marketing<\/div><div id=\"m_1651836924668894755AppleMailSignature\" dir=\"ltr\">&#8211; L\u2019int\u00e9r\u00eat l\u00e9gitime de Blue Lion CrossFit pour r\u00e9pondre \u00e0 vos messages via le formulaire de contact<\/div><div dir=\"ltr\">\u00a0<\/div><div id=\"m_1651836924668894755AppleMailSignature\" dir=\"ltr\"><strong>5. Dur\u00e9e de conservation<\/strong><\/div><div dir=\"ltr\">\u00a0<\/div><div id=\"m_1651836924668894755AppleMailSignature\" dir=\"ltr\"><span style=\"text-decoration: underline;\">Vos donn\u00e9es personnelles sont conserv\u00e9es :<\/span><\/div><div id=\"m_1651836924668894755AppleMailSignature\" dir=\"ltr\">\u00a0<\/div><div id=\"m_1651836924668894755AppleMailSignature\" dir=\"ltr\">&#8211; Pendant 3 ans \u00e0 compter du dernier contact actif (clic dans un email, demande de renseignement) pour la newsletter<\/div><div id=\"m_1651836924668894755AppleMailSignature\" dir=\"ltr\">&#8211; Pendant 1 an pour les demandes transmises via le formulaire de contact<\/div><div dir=\"ltr\">\u00a0<\/div><div id=\"m_1651836924668894755AppleMailSignature\" dir=\"ltr\">Vous pouvez vous d\u00e9sinscrire \u00e0 tout moment de la newsletter en cliquant sur le lien de d\u00e9sinscription pr\u00e9sent dans chaque email.<\/div><div id=\"m_1651836924668894755AppleMailSignature\" dir=\"ltr\">\u00a0<\/div><div id=\"m_1651836924668894755AppleMailSignature\" dir=\"ltr\"><strong>6. Destinataires de vos donn\u00e9es<\/strong><\/div><div dir=\"ltr\">\u00a0<\/div><div id=\"m_1651836924668894755AppleMailSignature\" dir=\"ltr\">Vos donn\u00e9es personnelles sont destin\u00e9es exclusivement \u00e0 Blue Lion CrossFit et ne sont ni vendues ni c\u00e9d\u00e9es \u00e0 des tiers.<\/div><div id=\"m_1651836924668894755AppleMailSignature\" dir=\"ltr\">Nous utilisons des outils tiers de confiance pour la gestion de notre newsletter Mailchimp, qui respectent \u00e9galement la r\u00e9glementation europ\u00e9enne en mati\u00e8re de protection des donn\u00e9es.<\/div><div id=\"m_1651836924668894755AppleMailSignature\" dir=\"ltr\">\u00a0<\/div><div id=\"m_1651836924668894755AppleMailSignature\" dir=\"ltr\"><strong>7. S\u00e9curit\u00e9 des donn\u00e9es<\/strong><\/div><div dir=\"ltr\">\u00a0<\/div><div id=\"m_1651836924668894755AppleMailSignature\" dir=\"ltr\">Nous mettons en \u0153uvre toutes les mesures techniques et organisationnelles appropri\u00e9es pour garantir la s\u00e9curit\u00e9 et la confidentialit\u00e9 de vos donn\u00e9es personnelles.<\/div><div id=\"m_1651836924668894755AppleMailSignature\" dir=\"ltr\">\u00a0<\/div><div id=\"m_1651836924668894755AppleMailSignature\" dir=\"ltr\"><strong>8. Vos droits<\/strong><\/div><div dir=\"ltr\">\u00a0<\/div><div id=\"m_1651836924668894755AppleMailSignature\" dir=\"ltr\">Conform\u00e9ment au R\u00e8glement G\u00e9n\u00e9ral sur la Protection des Donn\u00e9es (RGPD), vous disposez des droits suivants :<\/div><div id=\"m_1651836924668894755AppleMailSignature\" dir=\"ltr\">\u00a0<\/div><div id=\"m_1651836924668894755AppleMailSignature\" dir=\"ltr\">&#8211; Droit d\u2019acc\u00e8s : conna\u00eetre les donn\u00e9es que nous d\u00e9tenons sur vous<\/div><div id=\"m_1651836924668894755AppleMailSignature\" dir=\"ltr\">&#8211; Droit de rectification : modifier ou mettre \u00e0 jour vos donn\u00e9es<\/div><div id=\"m_1651836924668894755AppleMailSignature\" dir=\"ltr\">&#8211; Droit \u00e0 l\u2019effacement : demander la suppression de vos donn\u00e9es<\/div><div id=\"m_1651836924668894755AppleMailSignature\" dir=\"ltr\">&#8211; Droit \u00e0 la limitation du traitement<\/div><div id=\"m_1651836924668894755AppleMailSignature\" dir=\"ltr\">&#8211; Droit \u00e0 la portabilit\u00e9<\/div><div id=\"m_1651836924668894755AppleMailSignature\" dir=\"ltr\">&#8211; Droit d\u2019opposition<\/div><div id=\"m_1651836924668894755AppleMailSignature\" dir=\"ltr\">&#8211; Droit de retirer votre consentement \u00e0 tout moment<\/div><div dir=\"ltr\">\u00a0<\/div><div id=\"m_1651836924668894755AppleMailSignature\" dir=\"ltr\">Pour exercer vos droits, vous pouvez nous contacter \u00e0 l\u2019adresse suivante :<\/div><div id=\"m_1651836924668894755AppleMailSignature\" dir=\"ltr\"><a href=\"mailto:bluelioncrossfit@gmail.com\">bluelioncrossfit@gmail.com<\/a><\/div><div id=\"m_1651836924668894755AppleMailSignature\" dir=\"ltr\">\u00a0<\/div><div id=\"m_1651836924668894755AppleMailSignature\" dir=\"ltr\">Vous avez \u00e9galement le droit d\u2019introduire une r\u00e9clamation aupr\u00e8s de la CNIL (<a href=\"http:\/\/www.cnil.fr\/\" target=\"_blank\" rel=\"noopener\" data-saferedirecturl=\"https:\/\/www.google.com\/url?q=http:\/\/www.cnil.fr&amp;source=gmail&amp;ust=1750608154588000&amp;usg=AOvVaw1m3gDP7VHQsD1fPY6F_xuJ\">www.cnil.fr<\/a>) si vous estimez que vos droits ne sont pas respect\u00e9s.<\/div><div id=\"m_1651836924668894755AppleMailSignature\" dir=\"ltr\">\u00a0<\/div><div id=\"m_1651836924668894755AppleMailSignature\" dir=\"ltr\"><strong>9. Modification de la politique de confidentialit\u00e9<\/strong><\/div><div dir=\"ltr\">\u00a0<\/div><div id=\"m_1651836924668894755AppleMailSignature\" dir=\"ltr\">Cette politique peut \u00eatre mise \u00e0 jour \u00e0 tout moment. La date de derni\u00e8re mise \u00e0 jour figure en haut de la page. Nous vous invitons \u00e0 la consulter r\u00e9guli\u00e8rement.<\/div><\/div>\t\t\t\t\t\t\t\t<\/div>\n\t\t\t\t<\/div>\n\t\t\t\t\t<\/div>\n\t\t\t\t<\/div>\n\t\t\t\t<\/div>\n\t\t","protected":false},"excerpt":{"rendered":"<p>Politique de confidentialit\u00e9 1. Qui sommes-nous ? Le site internet [www.bluelioncrossfit.com] est exploit\u00e9 par Blue Lion CrossFit, dont le si\u00e8ge est situ\u00e9 \u00e0 269 Av. Jean Moulin, 60880 Jaux, immatricul\u00e9e sous le num\u00e9ro SIRET 83241739800019. Responsable du traitement : Blue Lion CrossFitEmail de contact : bluelioncrossfit@gmail.com\u00a02. Donn\u00e9es personnelles collect\u00e9es\u00a0Dans le cadre de l\u2019utilisation du site, [&hellip;]<\/p>\n","protected":false},"author":1,"featured_media":0,"parent":0,"menu_order":0,"comment_status":"closed","ping_status":"closed","template":"","meta":{"om_disable_all_campaigns":false,"_monsterinsights_skip_tracking":false,"_monsterinsights_sitenote_active":false,"_monsterinsights_sitenote_note":"","_monsterinsights_sitenote_category":0,"footnotes":""},"class_list":["post-2120","page","type-page","status-publish","hentry"],"aioseo_notices":[],"yoast_head":"<!-- This site is optimized with the Yoast SEO plugin v26.2 - https:\/\/yoast.com\/wordpress\/plugins\/seo\/ -->\n<title>Politique de confidentialit\u00e9 - Blue Lion<\/title>\n<meta name=\"description\" content=\"Blue Lion - Premi\u00e8re salle de CrossFit et d&#039;Hyrox \u00e0 Compi\u00e8gne.\" \/>\n<meta name=\"robots\" content=\"index, follow, max-snippet:-1, max-image-preview:large, max-video-preview:-1\" \/>\n<link rel=\"canonical\" href=\"http:\/\/bluelioncrossfit.fr\/index.php\/politique-de-confidentialite\/\" \/>\n<meta property=\"og:locale\" content=\"fr_FR\" \/>\n<meta property=\"og:type\" content=\"article\" \/>\n<meta property=\"og:title\" content=\"Politique de confidentialit\u00e9 - Blue Lion\" \/>\n<meta property=\"og:description\" content=\"Blue Lion - Premi\u00e8re salle de CrossFit et d&#039;Hyrox \u00e0 Compi\u00e8gne.\" \/>\n<meta property=\"og:url\" content=\"http:\/\/bluelioncrossfit.fr\/index.php\/politique-de-confidentialite\/\" \/>\n<meta property=\"og:site_name\" content=\"Blue Lion\" \/>\n<meta property=\"article:modified_time\" content=\"2025-06-21T16:18:59+00:00\" \/>\n<meta name=\"twitter:card\" content=\"summary_large_image\" \/>\n<meta name=\"twitter:label1\" content=\"Dur\u00e9e de lecture estim\u00e9e\" \/>\n\t<meta name=\"twitter:data1\" content=\"2 minutes\" \/>\n<script type=\"application\/ld+json\" class=\"yoast-schema-graph\">{\"@context\":\"https:\/\/schema.org\",\"@graph\":[{\"@type\":\"WebPage\",\"@id\":\"http:\/\/bluelioncrossfit.fr\/index.php\/politique-de-confidentialite\/\",\"url\":\"http:\/\/bluelioncrossfit.fr\/index.php\/politique-de-confidentialite\/\",\"name\":\"Politique de confidentialit\u00e9 - Blue Lion\",\"isPartOf\":{\"@id\":\"http:\/\/bluelioncrossfit.fr\/#website\"},\"datePublished\":\"2025-06-21T16:04:27+00:00\",\"dateModified\":\"2025-06-21T16:18:59+00:00\",\"description\":\"Blue Lion - Premi\u00e8re salle de CrossFit et d'Hyrox \u00e0 Compi\u00e8gne.\",\"breadcrumb\":{\"@id\":\"http:\/\/bluelioncrossfit.fr\/index.php\/politique-de-confidentialite\/#breadcrumb\"},\"inLanguage\":\"fr-FR\",\"potentialAction\":[{\"@type\":\"ReadAction\",\"target\":[\"http:\/\/bluelioncrossfit.fr\/index.php\/politique-de-confidentialite\/\"]}]},{\"@type\":\"BreadcrumbList\",\"@id\":\"http:\/\/bluelioncrossfit.fr\/index.php\/politique-de-confidentialite\/#breadcrumb\",\"itemListElement\":[{\"@type\":\"ListItem\",\"position\":1,\"name\":\"Accueil\",\"item\":\"http:\/\/bluelioncrossfit.fr\/\"},{\"@type\":\"ListItem\",\"position\":2,\"name\":\"Politique de confidentialit\u00e9\"}]},{\"@type\":\"WebSite\",\"@id\":\"http:\/\/bluelioncrossfit.fr\/#website\",\"url\":\"http:\/\/bluelioncrossfit.fr\/\",\"name\":\"Blue Lion\",\"description\":\"CrossFit I HYROX Training Club\",\"publisher\":{\"@id\":\"http:\/\/bluelioncrossfit.fr\/#organization\"},\"potentialAction\":[{\"@type\":\"SearchAction\",\"target\":{\"@type\":\"EntryPoint\",\"urlTemplate\":\"http:\/\/bluelioncrossfit.fr\/?s={search_term_string}\"},\"query-input\":{\"@type\":\"PropertyValueSpecification\",\"valueRequired\":true,\"valueName\":\"search_term_string\"}}],\"inLanguage\":\"fr-FR\"},{\"@type\":\"Organization\",\"@id\":\"http:\/\/bluelioncrossfit.fr\/#organization\",\"name\":\"Blue Lion\",\"url\":\"http:\/\/bluelioncrossfit.fr\/\",\"logo\":{\"@type\":\"ImageObject\",\"inLanguage\":\"fr-FR\",\"@id\":\"http:\/\/bluelioncrossfit.fr\/#\/schema\/logo\/image\/\",\"url\":\"http:\/\/bluelioncrossfit.fr\/wp-content\/uploads\/2025\/04\/orignalnoirbleu-1-scaled.png\",\"contentUrl\":\"http:\/\/bluelioncrossfit.fr\/wp-content\/uploads\/2025\/04\/orignalnoirbleu-1-scaled.png\",\"width\":2348,\"height\":2560,\"caption\":\"Blue Lion\"},\"image\":{\"@id\":\"http:\/\/bluelioncrossfit.fr\/#\/schema\/logo\/image\/\"}}]}<\/script>\n<!-- \/ Yoast SEO plugin. -->","yoast_head_json":{"title":"Politique de confidentialit\u00e9 - Blue Lion","description":"Blue Lion - Premi\u00e8re salle de CrossFit et d'Hyrox \u00e0 Compi\u00e8gne.","robots":{"index":"index","follow":"follow","max-snippet":"max-snippet:-1","max-image-preview":"max-image-preview:large","max-video-preview":"max-video-preview:-1"},"canonical":"http:\/\/bluelioncrossfit.fr\/index.php\/politique-de-confidentialite\/","og_locale":"fr_FR","og_type":"article","og_title":"Politique de confidentialit\u00e9 - Blue Lion","og_description":"Blue Lion - Premi\u00e8re salle de CrossFit et d'Hyrox \u00e0 Compi\u00e8gne.","og_url":"http:\/\/bluelioncrossfit.fr\/index.php\/politique-de-confidentialite\/","og_site_name":"Blue Lion","article_modified_time":"2025-06-21T16:18:59+00:00","twitter_card":"summary_large_image","twitter_misc":{"Dur\u00e9e de lecture estim\u00e9e":"2 minutes"},"schema":{"@context":"https:\/\/schema.org","@graph":[{"@type":"WebPage","@id":"http:\/\/bluelioncrossfit.fr\/index.php\/politique-de-confidentialite\/","url":"http:\/\/bluelioncrossfit.fr\/index.php\/politique-de-confidentialite\/","name":"Politique de confidentialit\u00e9 - Blue Lion","isPartOf":{"@id":"http:\/\/bluelioncrossfit.fr\/#website"},"datePublished":"2025-06-21T16:04:27+00:00","dateModified":"2025-06-21T16:18:59+00:00","description":"Blue Lion - Premi\u00e8re salle de CrossFit et d'Hyrox \u00e0 Compi\u00e8gne.","breadcrumb":{"@id":"http:\/\/bluelioncrossfit.fr\/index.php\/politique-de-confidentialite\/#breadcrumb"},"inLanguage":"fr-FR","potentialAction":[{"@type":"ReadAction","target":["http:\/\/bluelioncrossfit.fr\/index.php\/politique-de-confidentialite\/"]}]},{"@type":"BreadcrumbList","@id":"http:\/\/bluelioncrossfit.fr\/index.php\/politique-de-confidentialite\/#breadcrumb","itemListElement":[{"@type":"ListItem","position":1,"name":"Accueil","item":"http:\/\/bluelioncrossfit.fr\/"},{"@type":"ListItem","position":2,"name":"Politique de confidentialit\u00e9"}]},{"@type":"WebSite","@id":"http:\/\/bluelioncrossfit.fr\/#website","url":"http:\/\/bluelioncrossfit.fr\/","name":"Blue Lion","description":"CrossFit I HYROX Training Club","publisher":{"@id":"http:\/\/bluelioncrossfit.fr\/#organization"},"potentialAction":[{"@type":"SearchAction","target":{"@type":"EntryPoint","urlTemplate":"http:\/\/bluelioncrossfit.fr\/?s={search_term_string}"},"query-input":{"@type":"PropertyValueSpecification","valueRequired":true,"valueName":"search_term_string"}}],"inLanguage":"fr-FR"},{"@type":"Organization","@id":"http:\/\/bluelioncrossfit.fr\/#organization","name":"Blue Lion","url":"http:\/\/bluelioncrossfit.fr\/","logo":{"@type":"ImageObject","inLanguage":"fr-FR","@id":"http:\/\/bluelioncrossfit.fr\/#\/schema\/logo\/image\/","url":"http:\/\/bluelioncrossfit.fr\/wp-content\/uploads\/2025\/04\/orignalnoirbleu-1-scaled.png","contentUrl":"http:\/\/bluelioncrossfit.fr\/wp-content\/uploads\/2025\/04\/orignalnoirbleu-1-scaled.png","width":2348,"height":2560,"caption":"Blue Lion"},"image":{"@id":"http:\/\/bluelioncrossfit.fr\/#\/schema\/logo\/image\/"}}]}},"_links":{"self":[{"href":"http:\/\/bluelioncrossfit.fr\/index.php\/wp-json\/wp\/v2\/pages\/2120","targetHints":{"allow":["GET"]}}],"collection":[{"href":"http:\/\/bluelioncrossfit.fr\/index.php\/wp-json\/wp\/v2\/pages"}],"about":[{"href":"http:\/\/bluelioncrossfit.fr\/index.php\/wp-json\/wp\/v2\/types\/page"}],"author":[{"embeddable":true,"href":"http:\/\/bluelioncrossfit.fr\/index.php\/wp-json\/wp\/v2\/users\/1"}],"replies":[{"embeddable":true,"href":"http:\/\/bluelioncrossfit.fr\/index.php\/wp-json\/wp\/v2\/comments?post=2120"}],"version-history":[{"count":11,"href":"http:\/\/bluelioncrossfit.fr\/index.php\/wp-json\/wp\/v2\/pages\/2120\/revisions"}],"predecessor-version":[{"id":2137,"href":"http:\/\/bluelioncrossfit.fr\/index.php\/wp-json\/wp\/v2\/pages\/2120\/revisions\/2137"}],"wp:attachment":[{"href":"http:\/\/bluelioncrossfit.fr\/index.php\/wp-json\/wp\/v2\/media?parent=2120"}],"curies":[{"name":"wp","href":"https:\/\/api.w.org\/{rel}","templated":true}]}}