{"id":2125,"date":"2025-06-21T18:05:03","date_gmt":"2025-06-21T16:05:03","guid":{"rendered":"http:\/\/bluelioncrossfit.fr\/?page_id=2125"},"modified":"2025-06-22T08:38:39","modified_gmt":"2025-06-22T06:38:39","slug":"conditions-d-utilisation","status":"publish","type":"page","link":"https:\/\/bluelioncrossfit.fr\/index.php\/conditions-d-utilisation\/","title":{"rendered":"Conditions d&rsquo;utilisation"},"content":{"rendered":"\t\t<div data-elementor-type=\"wp-post\" data-elementor-id=\"2125\" class=\"elementor elementor-2125\" data-elementor-post-type=\"page\">\n\t\t\t\t<div class=\"elementor-element elementor-element-8e92c1e e-flex e-con-boxed e-con e-parent\" data-id=\"8e92c1e\" data-element_type=\"container\">\n\t\t\t\t\t<div class=\"e-con-inner\">\n\t\t\t\t<div class=\"elementor-element elementor-element-de3e821 elementor-widget elementor-widget-spacer\" data-id=\"de3e821\" data-element_type=\"widget\" data-widget_type=\"spacer.default\">\n\t\t\t\t<div class=\"elementor-widget-container\">\n\t\t\t\t\t\t\t<div class=\"elementor-spacer\">\n\t\t\t<div class=\"elementor-spacer-inner\"><\/div>\n\t\t<\/div>\n\t\t\t\t\t\t<\/div>\n\t\t\t\t<\/div>\n\t\t\t\t\t<\/div>\n\t\t\t\t<\/div>\n\t\t<div class=\"elementor-element elementor-element-1ceae31 e-flex e-con-boxed e-con e-parent\" data-id=\"1ceae31\" data-element_type=\"container\">\n\t\t\t\t\t<div class=\"e-con-inner\">\n\t\t\t\t<div class=\"elementor-element elementor-element-8e80936 elementor-widget elementor-widget-heading\" data-id=\"8e80936\" data-element_type=\"widget\" data-widget_type=\"heading.default\">\n\t\t\t\t<div class=\"elementor-widget-container\">\n\t\t\t\t\t<h2 class=\"elementor-heading-title elementor-size-default\">Conditions d'utilisation<\/h2>\t\t\t\t<\/div>\n\t\t\t\t<\/div>\n\t\t\t\t\t<\/div>\n\t\t\t\t<\/div>\n\t\t<div class=\"elementor-element elementor-element-1abb45d e-flex e-con-boxed e-con e-parent\" data-id=\"1abb45d\" data-element_type=\"container\">\n\t\t\t\t\t<div class=\"e-con-inner\">\n\t\t\t\t<div class=\"elementor-element elementor-element-4807b81 elementor-widget elementor-widget-spacer\" data-id=\"4807b81\" data-element_type=\"widget\" data-widget_type=\"spacer.default\">\n\t\t\t\t<div class=\"elementor-widget-container\">\n\t\t\t\t\t\t\t<div class=\"elementor-spacer\">\n\t\t\t<div class=\"elementor-spacer-inner\"><\/div>\n\t\t<\/div>\n\t\t\t\t\t\t<\/div>\n\t\t\t\t<\/div>\n\t\t\t\t\t<\/div>\n\t\t\t\t<\/div>\n\t\t<div class=\"elementor-element elementor-element-cc4b24f e-flex e-con-boxed e-con e-parent\" data-id=\"cc4b24f\" data-element_type=\"container\">\n\t\t\t\t\t<div class=\"e-con-inner\">\n\t\t\t\t<div class=\"elementor-element elementor-element-a7cdba6 elementor-widget elementor-widget-text-editor\" data-id=\"a7cdba6\" data-element_type=\"widget\" data-widget_type=\"text-editor.default\">\n\t\t\t\t<div class=\"elementor-widget-container\">\n\t\t\t\t\t\t\t\t\t<div id=\"m_-800145140472244151AppleMailSignature\" dir=\"ltr\"><strong>Avis d\u2019utilisation<\/strong><\/div><div dir=\"ltr\">\u00a0<\/div><div id=\"m_-800145140472244151AppleMailSignature\" dir=\"ltr\">Ce site Internet est administr\u00e9 et maintenu par Blue Lion CrossFit, soci\u00e9t\u00e9 domicili\u00e9e \u00e0 <a tabindex=\"0\" href=\"https:\/\/www.google.com\/maps\/place\/\/data=!4m2!3m1!1s0x47e7d3f990a9ffff:0xc6d1d62735d936ff?sa=X&amp;ved=1t:8290&amp;ictx=111\" data-url=\"\/maps\/place\/\/data=!4m2!3m1!1s0x47e7d3f990a9ffff:0xc6d1d62735d936ff?sa=X&amp;ved=2ahUKEwiAsuHztISOAxVENPsDHeyhD-EQ4kB6BAgGEAA\" data-sb=\"\/url?sa=t&amp;source=web&amp;rct=j&amp;opi=89978449&amp;url=\/maps\/place\/\/data%3D!4m2!3m1!1s0x47e7d3f990a9ffff:0xc6d1d62735d936ff%3Fsa%3DX%26ved%3D1t:8290%26ictx%3D111&amp;ved=2ahUKEwiAsuHztISOAxVENPsDHeyhD-EQ4kB6BAg0EAM&amp;usg=AOvVaw1W39fAocrQockeIbVip0B9\">269 Av. Jean Moulin, 60880 Jaux<\/a>, enregistr\u00e9e sous le num\u00e9ro SIRET 83241739800019, ci-apr\u00e8s d\u00e9nomm\u00e9e \u00ab Blue Lion CrossFit \u00bb.<\/div><div id=\"m_-800145140472244151AppleMailSignature\" dir=\"ltr\">L\u2019utilisation de ce site Web est soumise aux conditions d\u00e9crites ci-dessous. En acc\u00e9dant \u00e0 notre site, vous reconnaissez avoir lu, compris et accept\u00e9 ces conditions d&rsquo;utilisation. Nous vous invitons \u00e0 les lire attentivement avant toute navigation.<\/div><div id=\"m_-800145140472244151AppleMailSignature\" dir=\"ltr\">\u00a0<\/div><div id=\"m_-800145140472244151AppleMailSignature\" dir=\"ltr\"><strong>Informations sur les droits d\u2019auteur<\/strong><\/div><div dir=\"ltr\">\u00a0<\/div><div id=\"m_-800145140472244151AppleMailSignature\" dir=\"ltr\">L\u2019ensemble du contenu disponible sur ce site (textes, images, logos, vid\u00e9os, fichiers t\u00e9l\u00e9chargeables, etc.) est prot\u00e9g\u00e9 par le droit d\u2019auteur et appartient \u00e0 Blue Lion CrossFit ou \u00e0 ses partenaires, sauf mention contraire.<\/div><div id=\"m_-800145140472244151AppleMailSignature\" dir=\"ltr\">Aucune reproduction, modification, distribution, transmission, publication, ou utilisation de tout ou partie du contenu de ce site n\u2019est autoris\u00e9e sans l\u2019accord \u00e9crit pr\u00e9alable de Blue Lion CrossFit.<\/div><div id=\"m_-800145140472244151AppleMailSignature\" dir=\"ltr\">\u00a0<\/div><div id=\"m_-800145140472244151AppleMailSignature\" dir=\"ltr\"><strong>Marques<\/strong><\/div><div dir=\"ltr\">\u00a0<\/div><div id=\"m_-800145140472244151AppleMailSignature\" dir=\"ltr\">Les marques, logos et noms commerciaux affich\u00e9s sur ce site sont la propri\u00e9t\u00e9 de Blue Lion CrossFit ou de tiers ayant autoris\u00e9 leur usage.<\/div><div id=\"m_-800145140472244151AppleMailSignature\" dir=\"ltr\">Toute utilisation non autoris\u00e9e de ces \u00e9l\u00e9ments est strictement interdite.<\/div><div id=\"m_-800145140472244151AppleMailSignature\" dir=\"ltr\">\u00a0<\/div><div id=\"m_-800145140472244151AppleMailSignature\" dir=\"ltr\"><strong>Protection des donn\u00e9es personnelles<\/strong><\/div><div dir=\"ltr\">\u00a0<\/div><div id=\"m_-800145140472244151AppleMailSignature\" dir=\"ltr\">Blue Lion CrossFit attache une importance particuli\u00e8re \u00e0 la protection de vos donn\u00e9es personnelles. Lors de l\u2019inscription \u00e0 la newsletter ou via nos formulaires de contact, nous pouvons collecter des informations telles que votre nom, pr\u00e9nom, adresse email, num\u00e9ro de t\u00e9l\u00e9phone et autres donn\u00e9es n\u00e9cessaires pour vous fournir nos services.<\/div><div id=\"m_-800145140472244151AppleMailSignature\" dir=\"ltr\">Ces donn\u00e9es sont conserv\u00e9es de mani\u00e8re s\u00e9curis\u00e9e et utilis\u00e9es exclusivement dans le cadre des finalit\u00e9s pour lesquelles vous les avez fournies (communication, envoi d&rsquo;informations, inscription \u00e0 un cours ou un \u00e9v\u00e9nement, etc.).<\/div><div id=\"m_-800145140472244151AppleMailSignature\" dir=\"ltr\">Conform\u00e9ment \u00e0 la l\u00e9gislation en vigueur (RGPD), vous disposez d\u2019un droit d\u2019acc\u00e8s, de rectification, de suppression et d\u2019opposition au traitement de vos donn\u00e9es. Vous pouvez exercer ces droits \u00e0 tout moment en nous contactant \u00e0 l\u2019adresse suivante : bluelioncrossfit@gmail.com.<\/div><div id=\"m_-800145140472244151AppleMailSignature\" dir=\"ltr\">\u00a0<\/div><div id=\"m_-800145140472244151AppleMailSignature\" dir=\"ltr\">Pour plus d\u2019informations, veuillez consulter notre Politique de confidentialit\u00e9.<\/div><div id=\"m_-800145140472244151AppleMailSignature\" dir=\"ltr\">\u00a0<\/div><div id=\"m_-800145140472244151AppleMailSignature\" dir=\"ltr\"><strong>Exclusion de garanties et limitation de responsabilit\u00e9<\/strong><\/div><div dir=\"ltr\">\u00a0<\/div><div id=\"m_-800145140472244151AppleMailSignature\" dir=\"ltr\">Bien que nous mettions tout en \u0153uvre pour assurer l\u2019exactitude et la mise \u00e0 jour des informations pr\u00e9sentes sur ce site, Blue Lion CrossFit ne garantit ni l\u2019exhaustivit\u00e9 ni la pertinence de ces donn\u00e9es.<\/div><div id=\"m_-800145140472244151AppleMailSignature\" dir=\"ltr\">L\u2019utilisation du site se fait sous votre seule responsabilit\u00e9. En aucun cas Blue Lion CrossFit ne pourra \u00eatre tenue responsable des dommages directs ou indirects r\u00e9sultant de l\u2019acc\u00e8s, de l\u2019utilisation ou de l\u2019impossibilit\u00e9 d\u2019acc\u00e9der \u00e0 ce site.<\/div><div id=\"m_-800145140472244151AppleMailSignature\" dir=\"ltr\">\u00a0<\/div><div id=\"m_-800145140472244151AppleMailSignature\" dir=\"ltr\"><strong>Contenus publi\u00e9s ou transmis<\/strong><\/div><div dir=\"ltr\">\u00a0<\/div><div id=\"m_-800145140472244151AppleMailSignature\" dir=\"ltr\">Vous vous engagez \u00e0 ne pas transmettre ou publier sur ce site tout contenu ill\u00e9gal, diffamatoire, injurieux, offensant, discriminatoire, obsc\u00e8ne ou susceptible d\u2019entra\u00eener une responsabilit\u00e9 civile ou p\u00e9nale.<\/div><div id=\"m_-800145140472244151AppleMailSignature\" dir=\"ltr\">Blue Lion CrossFit se r\u00e9serve le droit de retirer tout contenu ne respectant pas ces principes, sans pr\u00e9avis.<\/div><div id=\"m_-800145140472244151AppleMailSignature\" dir=\"ltr\">\u00a0<\/div><div id=\"m_-800145140472244151AppleMailSignature\" dir=\"ltr\"><strong>R\u00e9vision des conditions d\u2019utilisation<\/strong><\/div><div dir=\"ltr\">\u00a0<\/div><div id=\"m_-800145140472244151AppleMailSignature\" dir=\"ltr\">Blue Lion CrossFit peut modifier \u00e0 tout moment les pr\u00e9sentes conditions d&rsquo;utilisation en mettant \u00e0 jour cette page. Nous vous encourageons \u00e0 les consulter r\u00e9guli\u00e8rement.<\/div><div id=\"m_-800145140472244151AppleMailSignature\" dir=\"ltr\">\u00a0<\/div><div id=\"m_-800145140472244151AppleMailSignature\" dir=\"ltr\"><strong>Liens externes<\/strong><\/div><div dir=\"ltr\">\u00a0<\/div><div id=\"m_-800145140472244151AppleMailSignature\" dir=\"ltr\">Ce site peut contenir des liens vers des sites externes. Blue Lion CrossFit n\u2019est pas responsable du contenu de ces sites ni des \u00e9ventuels dommages li\u00e9s \u00e0 leur consultation.<\/div><div id=\"m_-800145140472244151AppleMailSignature\" dir=\"ltr\">La pr\u00e9sence d\u2019un lien ne signifie pas que Blue Lion CrossFit approuve ou recommande le site en question.<\/div><div id=\"m_-800145140472244151AppleMailSignature\" dir=\"ltr\">\u00a0<\/div><div id=\"m_-800145140472244151AppleMailSignature\" dir=\"ltr\"><strong>Liens vers notre site<\/strong><\/div><div dir=\"ltr\">\u00a0<\/div><div id=\"m_-800145140472244151AppleMailSignature\" dir=\"ltr\">Vous pouvez \u00e9tablir des liens vers notre site, \u00e0 condition qu\u2019ils ne pr\u00e9sentent pas notre contenu comme \u00e9tant le v\u00f4tre, ne l&rsquo;encadrent pas dans un autre site et ne portent pas atteinte \u00e0 l\u2019image de Blue Lion CrossFit.<\/div><div id=\"m_-800145140472244151AppleMailSignature\" dir=\"ltr\">Nous nous r\u00e9servons le droit de demander la suppression de tout lien non conforme.<\/div><div id=\"m_-800145140472244151AppleMailSignature\" dir=\"ltr\">\u00a0<\/div><div id=\"m_-800145140472244151AppleMailSignature\" dir=\"ltr\"><strong>Droit applicable<\/strong><\/div><div dir=\"ltr\">\u00a0<\/div><div id=\"m_-800145140472244151AppleMailSignature\" dir=\"ltr\">Les pr\u00e9sentes conditions d&rsquo;utilisation sont r\u00e9gies par le droit fran\u00e7ais. En cas de litige, les tribunaux comp\u00e9tents seront ceux du ressort de Compi\u00e8gne, sauf disposition l\u00e9gale contraire.<\/div>\t\t\t\t\t\t\t\t<\/div>\n\t\t\t\t<\/div>\n\t\t\t\t\t<\/div>\n\t\t\t\t<\/div>\n\t\t\t\t<\/div>\n\t\t","protected":false},"excerpt":{"rendered":"<p>Conditions d&rsquo;utilisation Avis d\u2019utilisation\u00a0Ce site Internet est administr\u00e9 et maintenu par Blue Lion CrossFit, soci\u00e9t\u00e9 domicili\u00e9e \u00e0 269 Av. Jean Moulin, 60880 Jaux, enregistr\u00e9e sous le num\u00e9ro SIRET 83241739800019, ci-apr\u00e8s d\u00e9nomm\u00e9e \u00ab Blue Lion CrossFit \u00bb.L\u2019utilisation de ce site Web est soumise aux conditions d\u00e9crites ci-dessous. En acc\u00e9dant \u00e0 notre site, vous reconnaissez avoir lu, [&hellip;]<\/p>\n","protected":false},"author":1,"featured_media":0,"parent":0,"menu_order":0,"comment_status":"closed","ping_status":"closed","template":"","meta":{"om_disable_all_campaigns":false,"_monsterinsights_skip_tracking":false,"_monsterinsights_sitenote_active":false,"_monsterinsights_sitenote_note":"","_monsterinsights_sitenote_category":0,"footnotes":""},"class_list":["post-2125","page","type-page","status-publish","hentry"],"aioseo_notices":[],"yoast_head":"<!-- This site is optimized with the Yoast SEO plugin v26.2 - https:\/\/yoast.com\/wordpress\/plugins\/seo\/ -->\n<title>Conditions d&#039;utilisation - Blue Lion<\/title>\n<meta name=\"description\" content=\"Blue Lion - Premi\u00e8re salle de CrossFit et d&#039;Hyrox \u00e0 Compi\u00e8gne.\" \/>\n<meta name=\"robots\" content=\"index, follow, max-snippet:-1, max-image-preview:large, max-video-preview:-1\" \/>\n<link rel=\"canonical\" href=\"http:\/\/bluelioncrossfit.fr\/index.php\/conditions-d-utilisation\/\" \/>\n<meta property=\"og:locale\" content=\"fr_FR\" \/>\n<meta property=\"og:type\" content=\"article\" \/>\n<meta property=\"og:title\" content=\"Conditions d&#039;utilisation - Blue Lion\" \/>\n<meta property=\"og:description\" content=\"Blue Lion - Premi\u00e8re salle de CrossFit et d&#039;Hyrox \u00e0 Compi\u00e8gne.\" \/>\n<meta property=\"og:url\" content=\"http:\/\/bluelioncrossfit.fr\/index.php\/conditions-d-utilisation\/\" \/>\n<meta property=\"og:site_name\" content=\"Blue Lion\" \/>\n<meta property=\"article:modified_time\" content=\"2025-06-22T06:38:39+00:00\" \/>\n<meta name=\"twitter:card\" content=\"summary_large_image\" \/>\n<meta name=\"twitter:label1\" content=\"Dur\u00e9e de lecture estim\u00e9e\" \/>\n\t<meta name=\"twitter:data1\" content=\"3 minutes\" \/>\n<script type=\"application\/ld+json\" class=\"yoast-schema-graph\">{\"@context\":\"https:\/\/schema.org\",\"@graph\":[{\"@type\":\"WebPage\",\"@id\":\"http:\/\/bluelioncrossfit.fr\/index.php\/conditions-d-utilisation\/\",\"url\":\"http:\/\/bluelioncrossfit.fr\/index.php\/conditions-d-utilisation\/\",\"name\":\"Conditions d'utilisation - Blue Lion\",\"isPartOf\":{\"@id\":\"https:\/\/bluelioncrossfit.fr\/#website\"},\"datePublished\":\"2025-06-21T16:05:03+00:00\",\"dateModified\":\"2025-06-22T06:38:39+00:00\",\"description\":\"Blue Lion - Premi\u00e8re salle de CrossFit et d'Hyrox \u00e0 Compi\u00e8gne.\",\"breadcrumb\":{\"@id\":\"http:\/\/bluelioncrossfit.fr\/index.php\/conditions-d-utilisation\/#breadcrumb\"},\"inLanguage\":\"fr-FR\",\"potentialAction\":[{\"@type\":\"ReadAction\",\"target\":[\"http:\/\/bluelioncrossfit.fr\/index.php\/conditions-d-utilisation\/\"]}]},{\"@type\":\"BreadcrumbList\",\"@id\":\"http:\/\/bluelioncrossfit.fr\/index.php\/conditions-d-utilisation\/#breadcrumb\",\"itemListElement\":[{\"@type\":\"ListItem\",\"position\":1,\"name\":\"Accueil\",\"item\":\"https:\/\/bluelioncrossfit.fr\/\"},{\"@type\":\"ListItem\",\"position\":2,\"name\":\"Conditions d&rsquo;utilisation\"}]},{\"@type\":\"WebSite\",\"@id\":\"https:\/\/bluelioncrossfit.fr\/#website\",\"url\":\"https:\/\/bluelioncrossfit.fr\/\",\"name\":\"Blue Lion\",\"description\":\"CrossFit I HYROX Training Club\",\"publisher\":{\"@id\":\"https:\/\/bluelioncrossfit.fr\/#organization\"},\"potentialAction\":[{\"@type\":\"SearchAction\",\"target\":{\"@type\":\"EntryPoint\",\"urlTemplate\":\"https:\/\/bluelioncrossfit.fr\/?s={search_term_string}\"},\"query-input\":{\"@type\":\"PropertyValueSpecification\",\"valueRequired\":true,\"valueName\":\"search_term_string\"}}],\"inLanguage\":\"fr-FR\"},{\"@type\":\"Organization\",\"@id\":\"https:\/\/bluelioncrossfit.fr\/#organization\",\"name\":\"Blue Lion\",\"url\":\"https:\/\/bluelioncrossfit.fr\/\",\"logo\":{\"@type\":\"ImageObject\",\"inLanguage\":\"fr-FR\",\"@id\":\"https:\/\/bluelioncrossfit.fr\/#\/schema\/logo\/image\/\",\"url\":\"https:\/\/bluelioncrossfit.fr\/wp-content\/uploads\/2025\/04\/orignalnoirbleu-1-scaled.png\",\"contentUrl\":\"https:\/\/bluelioncrossfit.fr\/wp-content\/uploads\/2025\/04\/orignalnoirbleu-1-scaled.png\",\"width\":2348,\"height\":2560,\"caption\":\"Blue Lion\"},\"image\":{\"@id\":\"https:\/\/bluelioncrossfit.fr\/#\/schema\/logo\/image\/\"}}]}<\/script>\n<!-- \/ Yoast SEO plugin. -->","yoast_head_json":{"title":"Conditions d'utilisation - Blue Lion","description":"Blue Lion - Premi\u00e8re salle de CrossFit et d'Hyrox \u00e0 Compi\u00e8gne.","robots":{"index":"index","follow":"follow","max-snippet":"max-snippet:-1","max-image-preview":"max-image-preview:large","max-video-preview":"max-video-preview:-1"},"canonical":"http:\/\/bluelioncrossfit.fr\/index.php\/conditions-d-utilisation\/","og_locale":"fr_FR","og_type":"article","og_title":"Conditions d'utilisation - Blue Lion","og_description":"Blue Lion - Premi\u00e8re salle de CrossFit et d'Hyrox \u00e0 Compi\u00e8gne.","og_url":"http:\/\/bluelioncrossfit.fr\/index.php\/conditions-d-utilisation\/","og_site_name":"Blue Lion","article_modified_time":"2025-06-22T06:38:39+00:00","twitter_card":"summary_large_image","twitter_misc":{"Dur\u00e9e de lecture estim\u00e9e":"3 minutes"},"schema":{"@context":"https:\/\/schema.org","@graph":[{"@type":"WebPage","@id":"http:\/\/bluelioncrossfit.fr\/index.php\/conditions-d-utilisation\/","url":"http:\/\/bluelioncrossfit.fr\/index.php\/conditions-d-utilisation\/","name":"Conditions d'utilisation - Blue Lion","isPartOf":{"@id":"https:\/\/bluelioncrossfit.fr\/#website"},"datePublished":"2025-06-21T16:05:03+00:00","dateModified":"2025-06-22T06:38:39+00:00","description":"Blue Lion - Premi\u00e8re salle de CrossFit et d'Hyrox \u00e0 Compi\u00e8gne.","breadcrumb":{"@id":"http:\/\/bluelioncrossfit.fr\/index.php\/conditions-d-utilisation\/#breadcrumb"},"inLanguage":"fr-FR","potentialAction":[{"@type":"ReadAction","target":["http:\/\/bluelioncrossfit.fr\/index.php\/conditions-d-utilisation\/"]}]},{"@type":"BreadcrumbList","@id":"http:\/\/bluelioncrossfit.fr\/index.php\/conditions-d-utilisation\/#breadcrumb","itemListElement":[{"@type":"ListItem","position":1,"name":"Accueil","item":"https:\/\/bluelioncrossfit.fr\/"},{"@type":"ListItem","position":2,"name":"Conditions d&rsquo;utilisation"}]},{"@type":"WebSite","@id":"https:\/\/bluelioncrossfit.fr\/#website","url":"https:\/\/bluelioncrossfit.fr\/","name":"Blue Lion","description":"CrossFit I HYROX Training Club","publisher":{"@id":"https:\/\/bluelioncrossfit.fr\/#organization"},"potentialAction":[{"@type":"SearchAction","target":{"@type":"EntryPoint","urlTemplate":"https:\/\/bluelioncrossfit.fr\/?s={search_term_string}"},"query-input":{"@type":"PropertyValueSpecification","valueRequired":true,"valueName":"search_term_string"}}],"inLanguage":"fr-FR"},{"@type":"Organization","@id":"https:\/\/bluelioncrossfit.fr\/#organization","name":"Blue Lion","url":"https:\/\/bluelioncrossfit.fr\/","logo":{"@type":"ImageObject","inLanguage":"fr-FR","@id":"https:\/\/bluelioncrossfit.fr\/#\/schema\/logo\/image\/","url":"https:\/\/bluelioncrossfit.fr\/wp-content\/uploads\/2025\/04\/orignalnoirbleu-1-scaled.png","contentUrl":"https:\/\/bluelioncrossfit.fr\/wp-content\/uploads\/2025\/04\/orignalnoirbleu-1-scaled.png","width":2348,"height":2560,"caption":"Blue Lion"},"image":{"@id":"https:\/\/bluelioncrossfit.fr\/#\/schema\/logo\/image\/"}}]}},"_links":{"self":[{"href":"https:\/\/bluelioncrossfit.fr\/index.php\/wp-json\/wp\/v2\/pages\/2125","targetHints":{"allow":["GET"]}}],"collection":[{"href":"https:\/\/bluelioncrossfit.fr\/index.php\/wp-json\/wp\/v2\/pages"}],"about":[{"href":"https:\/\/bluelioncrossfit.fr\/index.php\/wp-json\/wp\/v2\/types\/page"}],"author":[{"embeddable":true,"href":"https:\/\/bluelioncrossfit.fr\/index.php\/wp-json\/wp\/v2\/users\/1"}],"replies":[{"embeddable":true,"href":"https:\/\/bluelioncrossfit.fr\/index.php\/wp-json\/wp\/v2\/comments?post=2125"}],"version-history":[{"count":11,"href":"https:\/\/bluelioncrossfit.fr\/index.php\/wp-json\/wp\/v2\/pages\/2125\/revisions"}],"predecessor-version":[{"id":2146,"href":"https:\/\/bluelioncrossfit.fr\/index.php\/wp-json\/wp\/v2\/pages\/2125\/revisions\/2146"}],"wp:attachment":[{"href":"https:\/\/bluelioncrossfit.fr\/index.php\/wp-json\/wp\/v2\/media?parent=2125"}],"curies":[{"name":"wp","href":"https:\/\/api.w.org\/{rel}","templated":true}]}}